{"id":66,"date":"2021-01-26T19:48:20","date_gmt":"2021-01-26T19:48:20","guid":{"rendered":"http:\/\/com1st.pl\/?page_id=66"},"modified":"2021-02-11T17:42:09","modified_gmt":"2021-02-11T17:42:09","slug":"o-nas","status":"publish","type":"page","link":"https:\/\/com1st.pl\/en\/o-nas\/","title":{"rendered":"About us"},"content":{"rendered":"<div data-elementor-type=\"wp-page\" data-elementor-id=\"66\" class=\"elementor elementor-66\">\n\t\t\t\t\t\t<section class=\"elementor-section elementor-top-section elementor-element elementor-element-7042159 elementor-section-boxed elementor-section-height-default elementor-section-height-default\" data-id=\"7042159\" data-element_type=\"section\" data-e-type=\"section\" data-settings=\"{&quot;background_background&quot;:&quot;classic&quot;}\">\n\t\t\t\t\t\t\t<div class=\"elementor-background-overlay\"><\/div>\n\t\t\t\t\t\t\t<div class=\"elementor-container elementor-column-gap-default\">\n\t\t\t\t\t<div class=\"elementor-column elementor-col-50 elementor-top-column elementor-element elementor-element-662cccb\" data-id=\"662cccb\" data-element_type=\"column\" data-e-type=\"column\">\n\t\t\t<div class=\"elementor-widget-wrap elementor-element-populated\">\n\t\t\t\t\t\t<div class=\"elementor-element elementor-element-c05b65d elementor-widget elementor-widget-heading\" data-id=\"c05b65d\" data-element_type=\"widget\" data-e-type=\"widget\" data-widget_type=\"heading.default\">\n\t\t\t\t<div class=\"elementor-widget-container\">\n\t\t\t\t\t<h2 class=\"elementor-heading-title elementor-size-default\">O NAS<\/h2>\t\t\t\t<\/div>\n\t\t\t\t<\/div>\n\t\t\t\t<div class=\"elementor-element elementor-element-605546f elementor-widget elementor-widget-text-editor\" data-id=\"605546f\" data-element_type=\"widget\" data-e-type=\"widget\" data-widget_type=\"text-editor.default\">\n\t\t\t\t<div class=\"elementor-widget-container\">\n\t\t\t\t\t\t\t\t\t<p>Communication First is a company <br \/>created and supervised by Ms. Anna Szotta \u2013 a teacher with 20 years of experience in teaching, and 10 years of experience in managing two branches of a nation-wide language school.<\/p>\t\t\t\t\t\t\t\t<\/div>\n\t\t\t\t<\/div>\n\t\t\t\t<div class=\"elementor-element elementor-element-fe6f5c4 elementor-widget elementor-widget-text-editor\" data-id=\"fe6f5c4\" data-element_type=\"widget\" data-e-type=\"widget\" data-widget_type=\"text-editor.default\">\n\t\t\t\t<div class=\"elementor-widget-container\">\n\t\t\t\t\t\t\t\t\t<p style=\"font-size: 17px; font-style: normal; font-weight: 500;\">As a result of many years of experience, there has been created a company whose goal it is to provide services both in teaching and translating. The priority in both areas is <strong>precise communication.<\/strong><\/p>\t\t\t\t\t\t\t\t<\/div>\n\t\t\t\t<\/div>\n\t\t\t\t<div class=\"elementor-element elementor-element-7a81374 elementor-mobile-align-left elementor-tablet-align-left elementor-widget elementor-widget-button\" data-id=\"7a81374\" data-element_type=\"widget\" data-e-type=\"widget\" data-widget_type=\"button.default\">\n\t\t\t\t<div class=\"elementor-widget-container\">\n\t\t\t\t\t\t\t\t\t<div class=\"elementor-button-wrapper\">\n\t\t\t\t\t<a class=\"elementor-button elementor-button-link elementor-size-md elementor-animation-shrink\" href=\"http:\/\/com1st.pl\/en\/kontakt\/\" id=\"kontakt\">\n\t\t\t\t\t\t<span class=\"elementor-button-content-wrapper\">\n\t\t\t\t\t\t<span class=\"elementor-button-icon\">\n\t\t\t\t<i aria-hidden=\"true\" class=\"far fa-paper-plane\"><\/i>\t\t\t<\/span>\n\t\t\t\t\t\t\t\t\t<span class=\"elementor-button-text\">Contact details<\/span>\n\t\t\t\t\t<\/span>\n\t\t\t\t\t<\/a>\n\t\t\t\t<\/div>\n\t\t\t\t\t\t\t\t<\/div>\n\t\t\t\t<\/div>\n\t\t\t\t\t<\/div>\n\t\t<\/div>\n\t\t\t\t<div class=\"elementor-column elementor-col-50 elementor-top-column elementor-element elementor-element-d714065\" data-id=\"d714065\" data-element_type=\"column\" data-e-type=\"column\">\n\t\t\t<div class=\"elementor-widget-wrap elementor-element-populated\">\n\t\t\t\t\t\t<div class=\"elementor-element elementor-element-0d79879 elementor-widget elementor-widget-image\" data-id=\"0d79879\" data-element_type=\"widget\" data-e-type=\"widget\" data-widget_type=\"image.default\">\n\t\t\t\t<div class=\"elementor-widget-container\">\n\t\t\t\t\t\t\t\t\t\t\t\t\t\t\t<img fetchpriority=\"high\" decoding=\"async\" width=\"900\" height=\"703\" src=\"https:\/\/com1st.pl\/wp-content\/uploads\/2021\/02\/Onas-grafika-pierwsza.jpg\" class=\"attachment-full size-full wp-image-3237\" alt=\"O nas grafika 1\" srcset=\"https:\/\/com1st.pl\/wp-content\/uploads\/2021\/02\/Onas-grafika-pierwsza.jpg 900w, https:\/\/com1st.pl\/wp-content\/uploads\/2021\/02\/Onas-grafika-pierwsza-300x234.jpg 300w, https:\/\/com1st.pl\/wp-content\/uploads\/2021\/02\/Onas-grafika-pierwsza-768x600.jpg 768w, https:\/\/com1st.pl\/wp-content\/uploads\/2021\/02\/Onas-grafika-pierwsza-16x12.jpg 16w\" sizes=\"(max-width: 900px) 100vw, 900px\" \/>\t\t\t\t\t\t\t\t\t\t\t\t\t\t\t<\/div>\n\t\t\t\t<\/div>\n\t\t\t\t\t<\/div>\n\t\t<\/div>\n\t\t\t\t\t<\/div>\n\t\t<\/section>\n\t\t\t\t<section class=\"elementor-section elementor-top-section elementor-element elementor-element-703388e elementor-section-boxed elementor-section-height-default elementor-section-height-default\" data-id=\"703388e\" data-element_type=\"section\" data-e-type=\"section\">\n\t\t\t\t\t\t\t<div class=\"elementor-background-overlay\"><\/div>\n\t\t\t\t\t\t\t<div class=\"elementor-container elementor-column-gap-default\">\n\t\t\t\t\t<div class=\"elementor-column elementor-col-50 elementor-top-column elementor-element elementor-element-62d769b elementor-hidden-phone\" data-id=\"62d769b\" data-element_type=\"column\" data-e-type=\"column\">\n\t\t\t<div class=\"elementor-widget-wrap elementor-element-populated\">\n\t\t\t\t\t\t<div class=\"elementor-element elementor-element-568a566 elementor-widget elementor-widget-image\" data-id=\"568a566\" data-element_type=\"widget\" data-e-type=\"widget\" data-widget_type=\"image.default\">\n\t\t\t\t<div class=\"elementor-widget-container\">\n\t\t\t\t\t\t\t\t\t\t\t\t\t\t\t<img decoding=\"async\" width=\"700\" height=\"548\" src=\"https:\/\/com1st.pl\/wp-content\/uploads\/2021\/01\/grafika-ekipa.jpg\" class=\"attachment-full size-full wp-image-621\" alt=\"grafika ekipa\" srcset=\"https:\/\/com1st.pl\/wp-content\/uploads\/2021\/01\/grafika-ekipa.jpg 700w, https:\/\/com1st.pl\/wp-content\/uploads\/2021\/01\/grafika-ekipa-300x235.jpg 300w, https:\/\/com1st.pl\/wp-content\/uploads\/2021\/01\/grafika-ekipa-16x12.jpg 16w\" sizes=\"(max-width: 700px) 100vw, 700px\" \/>\t\t\t\t\t\t\t\t\t\t\t\t\t\t\t<\/div>\n\t\t\t\t<\/div>\n\t\t\t\t\t<\/div>\n\t\t<\/div>\n\t\t\t\t<div class=\"elementor-column elementor-col-50 elementor-top-column elementor-element elementor-element-43f3ed8\" data-id=\"43f3ed8\" data-element_type=\"column\" data-e-type=\"column\">\n\t\t\t<div class=\"elementor-widget-wrap elementor-element-populated\">\n\t\t\t\t\t\t<div class=\"elementor-element elementor-element-743fa98 elementor-widget elementor-widget-heading\" data-id=\"743fa98\" data-element_type=\"widget\" data-e-type=\"widget\" data-widget_type=\"heading.default\">\n\t\t\t\t<div class=\"elementor-widget-container\">\n\t\t\t\t\t<h2 class=\"elementor-heading-title elementor-size-default\">STAFF<\/h2>\t\t\t\t<\/div>\n\t\t\t\t<\/div>\n\t\t\t\t<div class=\"elementor-element elementor-element-67446ea elementor-widget elementor-widget-text-editor\" data-id=\"67446ea\" data-element_type=\"widget\" data-e-type=\"widget\" data-widget_type=\"text-editor.default\">\n\t\t\t\t<div class=\"elementor-widget-container\">\n\t\t\t\t\t\t\t\t\t<p><strong>The school is the people.<\/strong> <br \/>We cooperate only with those that perceive teaching as their passion.<\/p>\t\t\t\t\t\t\t\t<\/div>\n\t\t\t\t<\/div>\n\t\t\t\t\t<\/div>\n\t\t<\/div>\n\t\t\t\t\t<\/div>\n\t\t<\/section>\n\t\t\t\t<\/div>","protected":false},"excerpt":{"rendered":"<p>O NAS Communication First\u00a0 to instytucja stworzona i prowadzona przez p. Ann\u0119 Szotta, nauczyciela z 20-letnim sta\u017cem w pracy dydaktycznej, w tym z 10-letnim do\u015bwiadczeniem w prowadzeniu dw\u00f3ch szczeci\u0144skich oddzia\u0142\u00f3w og\u00f3lnopolskiej szko\u0142y j\u0119zykowej. W wyniku wieloletniego do\u015bwiadczenia powsta\u0142a firma, kt\u00f3rej celem jest \u015bwiadczenie us\u0142ug w zakresie nauczania j\u0119zyka angielskiego i t\u0142umacze\u0144. Priorytetem, zar\u00f3wno w jednej, [&hellip;]<\/p>\n","protected":false},"author":1,"featured_media":0,"parent":0,"menu_order":0,"comment_status":"closed","ping_status":"closed","template":"","meta":{"_uag_custom_page_level_css":"","site-sidebar-layout":"no-sidebar","site-content-layout":"page-builder","ast-site-content-layout":"","site-content-style":"default","site-sidebar-style":"default","ast-global-header-display":"","ast-banner-title-visibility":"","ast-main-header-display":"","ast-hfb-above-header-display":"","ast-hfb-below-header-display":"","ast-hfb-mobile-header-display":"","site-post-title":"disabled","ast-breadcrumbs-content":"","ast-featured-img":"disabled","footer-sml-layout":"","theme-transparent-header-meta":"default","adv-header-id-meta":"","stick-header-meta":"","header-above-stick-meta":"","header-main-stick-meta":"","header-below-stick-meta":"","astra-migrate-meta-layouts":"default","ast-page-background-enabled":"default","ast-page-background-meta":{"desktop":{"background-color":"","background-image":"","background-repeat":"repeat","background-position":"center center","background-size":"auto","background-attachment":"scroll","background-type":"","background-media":"","overlay-type":"","overlay-color":"","overlay-gradient":""},"tablet":{"background-color":"","background-image":"","background-repeat":"repeat","background-position":"center center","background-size":"auto","background-attachment":"scroll","background-type":"","background-media":"","overlay-type":"","overlay-color":"","overlay-gradient":""},"mobile":{"background-color":"","background-image":"","background-repeat":"repeat","background-position":"center center","background-size":"auto","background-attachment":"scroll","background-type":"","background-media":"","overlay-type":"","overlay-color":"","overlay-gradient":""}},"ast-content-background-meta":{"desktop":{"background-color":"var(--ast-global-color-5)","background-image":"","background-repeat":"repeat","background-position":"center center","background-size":"auto","background-attachment":"scroll","background-type":"","background-media":"","overlay-type":"","overlay-color":"","overlay-gradient":""},"tablet":{"background-color":"var(--ast-global-color-5)","background-image":"","background-repeat":"repeat","background-position":"center center","background-size":"auto","background-attachment":"scroll","background-type":"","background-media":"","overlay-type":"","overlay-color":"","overlay-gradient":""},"mobile":{"background-color":"var(--ast-global-color-5)","background-image":"","background-repeat":"repeat","background-position":"center center","background-size":"auto","background-attachment":"scroll","background-type":"","background-media":"","overlay-type":"","overlay-color":"","overlay-gradient":""}},"footnotes":""},"class_list":["post-66","page","type-page","status-publish","hentry"],"uagb_featured_image_src":{"full":false,"thumbnail":false,"medium":false,"medium_large":false,"large":false,"1536x1536":false,"2048x2048":false,"trp-custom-language-flag":false},"uagb_author_info":{"display_name":"Maja","author_link":"https:\/\/com1st.pl\/en\/author\/ania\/"},"uagb_comment_info":0,"uagb_excerpt":"O NAS Communication First\u00a0 to instytucja stworzona i prowadzona przez p. Ann\u0119 Szotta, nauczyciela z 20-letnim sta\u017cem w pracy dydaktycznej, w tym z 10-letnim do\u015bwiadczeniem w prowadzeniu dw\u00f3ch szczeci\u0144skich oddzia\u0142\u00f3w og\u00f3lnopolskiej szko\u0142y j\u0119zykowej. W wyniku wieloletniego do\u015bwiadczenia powsta\u0142a firma, kt\u00f3rej celem jest \u015bwiadczenie us\u0142ug w zakresie nauczania j\u0119zyka angielskiego i t\u0142umacze\u0144. Priorytetem, zar\u00f3wno w jednej,&hellip;","_links":{"self":[{"href":"https:\/\/com1st.pl\/en\/wp-json\/wp\/v2\/pages\/66","targetHints":{"allow":["GET"]}}],"collection":[{"href":"https:\/\/com1st.pl\/en\/wp-json\/wp\/v2\/pages"}],"about":[{"href":"https:\/\/com1st.pl\/en\/wp-json\/wp\/v2\/types\/page"}],"author":[{"embeddable":true,"href":"https:\/\/com1st.pl\/en\/wp-json\/wp\/v2\/users\/1"}],"replies":[{"embeddable":true,"href":"https:\/\/com1st.pl\/en\/wp-json\/wp\/v2\/comments?post=66"}],"version-history":[{"count":222,"href":"https:\/\/com1st.pl\/en\/wp-json\/wp\/v2\/pages\/66\/revisions"}],"predecessor-version":[{"id":3429,"href":"https:\/\/com1st.pl\/en\/wp-json\/wp\/v2\/pages\/66\/revisions\/3429"}],"wp:attachment":[{"href":"https:\/\/com1st.pl\/en\/wp-json\/wp\/v2\/media?parent=66"}],"curies":[{"name":"wp","href":"https:\/\/api.w.org\/{rel}","templated":true}]}}