{"id":3063,"date":"2021-02-09T18:20:53","date_gmt":"2021-02-09T18:20:53","guid":{"rendered":"http:\/\/com1st.pl\/?page_id=3063"},"modified":"2021-02-11T17:40:36","modified_gmt":"2021-02-11T17:40:36","slug":"metoda","status":"publish","type":"page","link":"https:\/\/com1st.pl\/en\/metoda\/","title":{"rendered":"Method"},"content":{"rendered":"<div data-elementor-type=\"wp-page\" data-elementor-id=\"3063\" class=\"elementor elementor-3063\">\n\t\t\t\t\t\t<section class=\"elementor-section elementor-top-section elementor-element elementor-element-83105e5 elementor-section-boxed elementor-section-height-default elementor-section-height-default\" data-id=\"83105e5\" data-element_type=\"section\" data-e-type=\"section\" data-settings=\"{&quot;background_background&quot;:&quot;classic&quot;}\">\n\t\t\t\t\t\t\t<div class=\"elementor-background-overlay\"><\/div>\n\t\t\t\t\t\t\t<div class=\"elementor-container elementor-column-gap-default\">\n\t\t\t\t\t<div class=\"elementor-column elementor-col-50 elementor-top-column elementor-element elementor-element-25fb87b\" data-id=\"25fb87b\" data-element_type=\"column\" data-e-type=\"column\">\n\t\t\t<div class=\"elementor-widget-wrap elementor-element-populated\">\n\t\t\t\t\t\t<div class=\"elementor-element elementor-element-b0c0e42 elementor-widget elementor-widget-heading\" data-id=\"b0c0e42\" data-element_type=\"widget\" data-e-type=\"widget\" data-widget_type=\"heading.default\">\n\t\t\t\t<div class=\"elementor-widget-container\">\n\t\t\t\t\t<h2 class=\"elementor-heading-title elementor-size-default\">METHOD<\/h2>\t\t\t\t<\/div>\n\t\t\t\t<\/div>\n\t\t\t\t<div class=\"elementor-element elementor-element-8fd9603 elementor-widget elementor-widget-text-editor\" data-id=\"8fd9603\" data-element_type=\"widget\" data-e-type=\"widget\" data-widget_type=\"text-editor.default\">\n\t\t\t\t<div class=\"elementor-widget-container\">\n\t\t\t\t\t\t\t\t\t<p>The methodological guidelines of our activity are based on communicative method. It uses observation of little kids acquiring their mother tongue: from listening and repeating to reading and writing. Grammar is just a tool to achieve the goal that is fluent and precise communication.<\/p>\t\t\t\t\t\t\t\t<\/div>\n\t\t\t\t<\/div>\n\t\t\t\t<div class=\"elementor-element elementor-element-e09ffdb elementor-widget elementor-widget-text-editor\" data-id=\"e09ffdb\" data-element_type=\"widget\" data-e-type=\"widget\" data-widget_type=\"text-editor.default\">\n\t\t\t\t<div class=\"elementor-widget-container\">\n\t\t\t\t\t\t\t\t\t<p style=\"font-size: 17px; font-style: normal; font-weight: 500;\">During classes we use various materials, depending on the needs and the advancement of the participants.<\/p>\t\t\t\t\t\t\t\t<\/div>\n\t\t\t\t<\/div>\n\t\t\t\t<div class=\"elementor-element elementor-element-c8ab586 elementor-widget elementor-widget-text-editor\" data-id=\"c8ab586\" data-element_type=\"widget\" data-e-type=\"widget\" data-widget_type=\"text-editor.default\">\n\t\t\t\t<div class=\"elementor-widget-container\">\n\t\t\t\t\t\t\t\t\t<p>No matter the level, however, <strong>majority of the lesson consists of spoken interaction between the teacher and the student<\/strong>, as we believe that this is the way you will use English the most in <br \/>the future.<\/p>\t\t\t\t\t\t\t\t<\/div>\n\t\t\t\t<\/div>\n\t\t\t\t<div class=\"elementor-element elementor-element-06577ed elementor-mobile-align-left elementor-tablet-align-left elementor-widget elementor-widget-button\" data-id=\"06577ed\" data-element_type=\"widget\" data-e-type=\"widget\" data-widget_type=\"button.default\">\n\t\t\t\t<div class=\"elementor-widget-container\">\n\t\t\t\t\t\t\t\t\t<div class=\"elementor-button-wrapper\">\n\t\t\t\t\t<a class=\"elementor-button elementor-button-link elementor-size-md elementor-animation-shrink\" href=\"http:\/\/com1st.pl\/en\/kontakt\/\" id=\"kontakt\">\n\t\t\t\t\t\t<span class=\"elementor-button-content-wrapper\">\n\t\t\t\t\t\t<span class=\"elementor-button-icon\">\n\t\t\t\t<i aria-hidden=\"true\" class=\"far fa-paper-plane\"><\/i>\t\t\t<\/span>\n\t\t\t\t\t\t\t\t\t<span class=\"elementor-button-text\">Contact details<\/span>\n\t\t\t\t\t<\/span>\n\t\t\t\t\t<\/a>\n\t\t\t\t<\/div>\n\t\t\t\t\t\t\t\t<\/div>\n\t\t\t\t<\/div>\n\t\t\t\t\t<\/div>\n\t\t<\/div>\n\t\t\t\t<div class=\"elementor-column elementor-col-50 elementor-top-column elementor-element elementor-element-72c26f2\" data-id=\"72c26f2\" data-element_type=\"column\" data-e-type=\"column\">\n\t\t\t<div class=\"elementor-widget-wrap elementor-element-populated\">\n\t\t\t\t\t\t<div class=\"elementor-element elementor-element-23c186a elementor-widget elementor-widget-image\" data-id=\"23c186a\" data-element_type=\"widget\" data-e-type=\"widget\" data-widget_type=\"image.default\">\n\t\t\t\t<div class=\"elementor-widget-container\">\n\t\t\t\t\t\t\t\t\t\t\t\t\t\t\t<img fetchpriority=\"high\" decoding=\"async\" width=\"750\" height=\"688\" src=\"https:\/\/com1st.pl\/wp-content\/uploads\/2021\/01\/grafika-metoda.jpg\" class=\"attachment-full size-full wp-image-923\" alt=\"grafika metoda\" srcset=\"https:\/\/com1st.pl\/wp-content\/uploads\/2021\/01\/grafika-metoda.jpg 750w, https:\/\/com1st.pl\/wp-content\/uploads\/2021\/01\/grafika-metoda-300x275.jpg 300w, https:\/\/com1st.pl\/wp-content\/uploads\/2021\/01\/grafika-metoda-13x12.jpg 13w\" sizes=\"(max-width: 750px) 100vw, 750px\" \/>\t\t\t\t\t\t\t\t\t\t\t\t\t\t\t<\/div>\n\t\t\t\t<\/div>\n\t\t\t\t\t<\/div>\n\t\t<\/div>\n\t\t\t\t\t<\/div>\n\t\t<\/section>\n\t\t\t\t<section class=\"elementor-section elementor-top-section elementor-element elementor-element-1176307 elementor-section-full_width elementor-section-height-min-height elementor-section-height-default elementor-section-items-middle\" data-id=\"1176307\" data-element_type=\"section\" data-e-type=\"section\">\n\t\t\t\t\t\t\t<div class=\"elementor-background-overlay\"><\/div>\n\t\t\t\t\t\t\t<div class=\"elementor-container elementor-column-gap-default\">\n\t\t\t\t\t<div class=\"elementor-column elementor-col-100 elementor-top-column elementor-element elementor-element-1446c5b\" data-id=\"1446c5b\" data-element_type=\"column\" data-e-type=\"column\">\n\t\t\t<div class=\"elementor-widget-wrap\">\n\t\t\t\t\t\t\t<\/div>\n\t\t<\/div>\n\t\t\t\t\t<\/div>\n\t\t<\/section>\n\t\t\t\t<\/div>","protected":false},"excerpt":{"rendered":"<p>METODA Za\u0142o\u017cenia metodyczne prowadzonej przez nas dzia\u0142alno\u015bci opieraj\u0105 si\u0119 na podstawach metody komunikacyjnej. Wykorzystuje ona obserwacje z naturalnego przyswajania j\u0119zyka ojczystego przez ma\u0142e dzieci: od s\u0142uchania i powtarzania, do czytania i pisania. Gramatyka jest jedynie \u015brodkiem do celu, jakim jest p\u0142ynna i precyzyjna komunikacja. W trakcie zaj\u0119\u0107 wykorzystywane s\u0105 przer\u00f3\u017cne materia\u0142y, w zale\u017cno\u015bci od potrzeb [&hellip;]<\/p>\n","protected":false},"author":2,"featured_media":0,"parent":0,"menu_order":0,"comment_status":"closed","ping_status":"closed","template":"","meta":{"_uag_custom_page_level_css":"","site-sidebar-layout":"no-sidebar","site-content-layout":"page-builder","ast-site-content-layout":"","site-content-style":"default","site-sidebar-style":"default","ast-global-header-display":"","ast-banner-title-visibility":"","ast-main-header-display":"disabled","ast-hfb-above-header-display":"","ast-hfb-below-header-display":"","ast-hfb-mobile-header-display":"","site-post-title":"disabled","ast-breadcrumbs-content":"","ast-featured-img":"disabled","footer-sml-layout":"","theme-transparent-header-meta":"default","adv-header-id-meta":"","stick-header-meta":"","header-above-stick-meta":"","header-main-stick-meta":"","header-below-stick-meta":"","astra-migrate-meta-layouts":"default","ast-page-background-enabled":"default","ast-page-background-meta":{"desktop":{"background-color":"","background-image":"","background-repeat":"repeat","background-position":"center center","background-size":"auto","background-attachment":"scroll","background-type":"","background-media":"","overlay-type":"","overlay-color":"","overlay-gradient":""},"tablet":{"background-color":"","background-image":"","background-repeat":"repeat","background-position":"center center","background-size":"auto","background-attachment":"scroll","background-type":"","background-media":"","overlay-type":"","overlay-color":"","overlay-gradient":""},"mobile":{"background-color":"","background-image":"","background-repeat":"repeat","background-position":"center center","background-size":"auto","background-attachment":"scroll","background-type":"","background-media":"","overlay-type":"","overlay-color":"","overlay-gradient":""}},"ast-content-background-meta":{"desktop":{"background-color":"var(--ast-global-color-5)","background-image":"","background-repeat":"repeat","background-position":"center center","background-size":"auto","background-attachment":"scroll","background-type":"","background-media":"","overlay-type":"","overlay-color":"","overlay-gradient":""},"tablet":{"background-color":"var(--ast-global-color-5)","background-image":"","background-repeat":"repeat","background-position":"center center","background-size":"auto","background-attachment":"scroll","background-type":"","background-media":"","overlay-type":"","overlay-color":"","overlay-gradient":""},"mobile":{"background-color":"var(--ast-global-color-5)","background-image":"","background-repeat":"repeat","background-position":"center center","background-size":"auto","background-attachment":"scroll","background-type":"","background-media":"","overlay-type":"","overlay-color":"","overlay-gradient":""}},"footnotes":""},"class_list":["post-3063","page","type-page","status-publish","hentry"],"uagb_featured_image_src":{"full":false,"thumbnail":false,"medium":false,"medium_large":false,"large":false,"1536x1536":false,"2048x2048":false,"trp-custom-language-flag":false},"uagb_author_info":{"display_name":"Anna","author_link":"https:\/\/com1st.pl\/en\/author\/com1st\/"},"uagb_comment_info":0,"uagb_excerpt":"METODA Za\u0142o\u017cenia metodyczne prowadzonej przez nas dzia\u0142alno\u015bci opieraj\u0105 si\u0119 na podstawach metody komunikacyjnej. Wykorzystuje ona obserwacje z naturalnego przyswajania j\u0119zyka ojczystego przez ma\u0142e dzieci: od s\u0142uchania i powtarzania, do czytania i pisania. Gramatyka jest jedynie \u015brodkiem do celu, jakim jest p\u0142ynna i precyzyjna komunikacja. W trakcie zaj\u0119\u0107 wykorzystywane s\u0105 przer\u00f3\u017cne materia\u0142y, w zale\u017cno\u015bci od potrzeb&hellip;","_links":{"self":[{"href":"https:\/\/com1st.pl\/en\/wp-json\/wp\/v2\/pages\/3063","targetHints":{"allow":["GET"]}}],"collection":[{"href":"https:\/\/com1st.pl\/en\/wp-json\/wp\/v2\/pages"}],"about":[{"href":"https:\/\/com1st.pl\/en\/wp-json\/wp\/v2\/types\/page"}],"author":[{"embeddable":true,"href":"https:\/\/com1st.pl\/en\/wp-json\/wp\/v2\/users\/2"}],"replies":[{"embeddable":true,"href":"https:\/\/com1st.pl\/en\/wp-json\/wp\/v2\/comments?post=3063"}],"version-history":[{"count":48,"href":"https:\/\/com1st.pl\/en\/wp-json\/wp\/v2\/pages\/3063\/revisions"}],"predecessor-version":[{"id":3426,"href":"https:\/\/com1st.pl\/en\/wp-json\/wp\/v2\/pages\/3063\/revisions\/3426"}],"wp:attachment":[{"href":"https:\/\/com1st.pl\/en\/wp-json\/wp\/v2\/media?parent=3063"}],"curies":[{"name":"wp","href":"https:\/\/api.w.org\/{rel}","templated":true}]}}